{"id":752,"date":"2019-01-18T04:38:07","date_gmt":"2019-01-18T04:38:07","guid":{"rendered":"https:\/\/demo.ovatheme.com\/muzze\/?page_id=752"},"modified":"2024-05-22T09:19:38","modified_gmt":"2024-05-22T14:19:38","slug":"johanna-meza","status":"publish","type":"page","link":"https:\/\/salondejuniomachala.com\/index.php\/johanna-meza\/","title":{"rendered":"Johanna Meza"},"content":{"rendered":"\t\t<div data-elementor-type=\"wp-post\" data-elementor-id=\"752\" class=\"elementor elementor-752\">\n\t\t\t\t\t\t<section class=\"elementor-section elementor-top-section elementor-element elementor-element-5cbb32f elementor-section-full_width elementor-section-height-default elementor-section-height-default\" data-id=\"5cbb32f\" data-element_type=\"section\">\n\t\t\t\t\t\t<div class=\"elementor-container elementor-column-gap-default\">\n\t\t\t\t\t<div class=\"elementor-column elementor-col-100 elementor-top-column elementor-element elementor-element-cccf4e5\" data-id=\"cccf4e5\" data-element_type=\"column\">\n\t\t\t<div class=\"elementor-widget-wrap elementor-element-populated\">\n\t\t\t\t\t\t<div class=\"elementor-element elementor-element-142e9ed elementor-widget elementor-widget-image\" data-id=\"142e9ed\" data-element_type=\"widget\" data-widget_type=\"image.default\">\n\t\t\t\t<div class=\"elementor-widget-container\">\n\t\t\t<style>\/*! elementor - v3.21.0 - 30-04-2024 *\/\n.elementor-widget-image{text-align:center}.elementor-widget-image a{display:inline-block}.elementor-widget-image a img[src$=\".svg\"]{width:48px}.elementor-widget-image img{vertical-align:middle;display:inline-block}<\/style>\t\t\t\t\t\t\t\t\t\t<img fetchpriority=\"high\" decoding=\"async\" width=\"1919\" height=\"300\" src=\"https:\/\/salondejuniomachala.com\/wp-content\/uploads\/2024\/05\/BANNER-1919X300.png\" class=\"attachment-full size-full wp-image-5648\" alt=\"\" srcset=\"https:\/\/salondejuniomachala.com\/wp-content\/uploads\/2024\/05\/BANNER-1919X300.png 1919w, https:\/\/salondejuniomachala.com\/wp-content\/uploads\/2024\/05\/BANNER-1919X300-300x47.png 300w, https:\/\/salondejuniomachala.com\/wp-content\/uploads\/2024\/05\/BANNER-1919X300-1024x160.png 1024w, https:\/\/salondejuniomachala.com\/wp-content\/uploads\/2024\/05\/BANNER-1919X300-768x120.png 768w, https:\/\/salondejuniomachala.com\/wp-content\/uploads\/2024\/05\/BANNER-1919X300-1536x240.png 1536w, https:\/\/salondejuniomachala.com\/wp-content\/uploads\/2024\/05\/BANNER-1919X300-600x94.png 600w\" sizes=\"(max-width: 1919px) 100vw, 1919px\" \/>\t\t\t\t\t\t\t\t\t\t\t\t\t<\/div>\n\t\t\t\t<\/div>\n\t\t\t\t\t<\/div>\n\t\t<\/div>\n\t\t\t\t\t<\/div>\n\t\t<\/section>\n\t\t<div class=\"elementor-element elementor-element-c2d8d64 e-grid e-con-boxed e-con e-parent\" data-id=\"c2d8d64\" data-element_type=\"container\">\n\t\t\t\t\t<div class=\"e-con-inner\">\n\t\t\t\t<div class=\"elementor-element elementor-element-0e53f4b elementor-drop-cap-yes elementor-drop-cap-view-default elementor-widget elementor-widget-text-editor\" data-id=\"0e53f4b\" data-element_type=\"widget\" data-settings=\"{&quot;drop_cap&quot;:&quot;yes&quot;}\" data-widget_type=\"text-editor.default\">\n\t\t\t\t<div class=\"elementor-widget-container\">\n\t\t\t<style>\/*! elementor - v3.21.0 - 30-04-2024 *\/\n.elementor-widget-text-editor.elementor-drop-cap-view-stacked .elementor-drop-cap{background-color:#69727d;color:#fff}.elementor-widget-text-editor.elementor-drop-cap-view-framed .elementor-drop-cap{color:#69727d;border:3px solid;background-color:transparent}.elementor-widget-text-editor:not(.elementor-drop-cap-view-default) .elementor-drop-cap{margin-top:8px}.elementor-widget-text-editor:not(.elementor-drop-cap-view-default) .elementor-drop-cap-letter{width:1em;height:1em}.elementor-widget-text-editor .elementor-drop-cap{float:left;text-align:center;line-height:1;font-size:50px}.elementor-widget-text-editor .elementor-drop-cap-letter{display:inline-block}<\/style>\t\t\t\t<p><span style=\"color: #003366;\">A<\/span>rquitecta, Licenciada en Arte, <span style=\"color: #000000;\">Mag\u00edster<\/span> en Estudios del Arte, Docente Universitaria.<\/p><h6><strong>Logros y Reconocimientos:<\/strong><\/h6><ul><li>Vicepresidente de Bellas Artes Ecuador.<\/li><li>Directora de ARTE EN ACCI\u00d3N INTERNACIONAL.<\/li><li>Artista Visual y Gestora Cultural.<\/li><li>Coordinadora y organizadora de 60 actividades internacionales en los 5 continentes, como vicepresidenta de la Fundaci\u00f3n Bellas Artes Ecuador.<\/li><li>Miembro de la Casa de la Cultura Ecuatoriana Benjam\u00edn Carri\u00f3n.<\/li><li>Directora de \u201cArte en Acci\u00f3n\u201d desde 2010 hasta la actualidad.<\/li><li>Organizadora de eventos culturales en escuelas, universidades y centros culturales.<\/li><li>Coordinadora de Prisma Internacional Chile, cap\u00edtulo Ecuador.<\/li><\/ul>\t\t\t\t\t\t<\/div>\n\t\t\t\t<\/div>\n\t\t\t\t<div class=\"elementor-element elementor-element-6921014 elementor-widget elementor-widget-image\" data-id=\"6921014\" data-element_type=\"widget\" data-widget_type=\"image.default\">\n\t\t\t\t<div class=\"elementor-widget-container\">\n\t\t\t\t\t\t\t\t\t\t\t\t\t<img decoding=\"async\" src=\"https:\/\/i.ibb.co\/37V2xq9\/DIR1.png\" title=\"\" alt=\"\" class=\"elementor-animation-bounce-out\" loading=\"lazy\" \/>\t\t\t\t\t\t\t\t\t\t\t\t\t<\/div>\n\t\t\t\t<\/div>\n\t\t\t\t\t<\/div>\n\t\t\t\t<\/div>\n\t\t<div class=\"elementor-element elementor-element-3417e68 e-grid e-con-boxed e-con e-parent\" data-id=\"3417e68\" data-element_type=\"container\">\n\t\t\t\t\t<div class=\"e-con-inner\">\n\t\t\t\t<div class=\"elementor-element elementor-element-049824c elementor-widget elementor-widget-image\" data-id=\"049824c\" data-element_type=\"widget\" data-widget_type=\"image.default\">\n\t\t\t\t<div class=\"elementor-widget-container\">\n\t\t\t\t\t\t\t\t\t\t\t\t\t<img decoding=\"async\" src=\"https:\/\/i.ibb.co\/KzxP2Fb\/directora-arte.png\" title=\"\" alt=\"\" class=\"elementor-animation-bounce-out\" loading=\"lazy\" \/>\t\t\t\t\t\t\t\t\t\t\t\t\t<\/div>\n\t\t\t\t<\/div>\n\t\t\t\t<div class=\"elementor-element elementor-element-1a5da4e elementor-widget elementor-widget-text-editor\" data-id=\"1a5da4e\" data-element_type=\"widget\" data-widget_type=\"text-editor.default\">\n\t\t\t\t<div class=\"elementor-widget-container\">\n\t\t\t\t\t\t\t<h6><strong>Experiencia y Trayectoria:<\/strong><\/h6><ul><li>Fot\u00f3grafa, serigrafista, grabadora, pintora, escultora.<\/li><li>Realiz\u00f3 varias exposiciones en diferentes museos desde 1992 a 2024: Casa de la Cultura N\u00facleo del Guayas, colegio de Bellas Artes de Guayaquil, Museo Municipal de Guayaquil, Universidad Laica Vicente Rocafuerte, Universidad de Guayaquil y Universidad Metropolitana, C\u00e1mara de Comercio de Guayaquil, Casa de la Cultura del Guayas, Patronato C\u00edvico de Guayaquil, Museo de Arte Contempor\u00e1neo, entre otros.<\/li><li>Participaci\u00f3n en varios seminarios en el Archivo Hist\u00f3rico del Guayas, imparti\u00f3 talleres de arte y de emprendimiento en Museo Nahim Isa\u00edas, Archivo Hist\u00f3rico del Guayas, MAAC Museo de Arte Contempor\u00e1neo, Universidad de Sinaloa de M\u00e9xico, Universidad Santander de Colombia, Universidad de las Artes Guayaquil, entre otras.<\/li><li>Obtuvo varias participaciones como jurado en el Evento de Pintura de la ciudad de Guayaquil, desde 1996 hasta el 2024.<\/li><li>Charlas impartidas: Preservaci\u00f3n del ecosistema, mi arte en diferentes universidades y grupos ecol\u00f3gicos; \u201cMujer en el Arte\u201d Universidad Aut\u00f3noma de M\u00e9xico, marzo 2021; \u201cLiderazgo\u201d Universidad Santander de Colombia 2021.<\/li><\/ul>\t\t\t\t\t\t<\/div>\n\t\t\t\t<\/div>\n\t\t\t\t\t<\/div>\n\t\t\t\t<\/div>\n\t\t<div class=\"elementor-element elementor-element-d37d8f1 e-flex e-con-boxed e-con e-parent\" data-id=\"d37d8f1\" data-element_type=\"container\">\n\t\t\t\t\t<div class=\"e-con-inner\">\n\t\t\t\t<div class=\"elementor-element elementor-element-b732970 elementor-align-right elementor-widget elementor-widget-button\" data-id=\"b732970\" data-element_type=\"widget\" data-widget_type=\"button.default\">\n\t\t\t\t<div class=\"elementor-widget-container\">\n\t\t\t\t\t<div class=\"elementor-button-wrapper\">\n\t\t\t<a class=\"elementor-button elementor-button-link elementor-size-sm\" href=\"https:\/\/salondejuniomachala.com\/#directora\">\n\t\t\t\t\t\t<span class=\"elementor-button-content-wrapper\">\n\t\t\t\t\t\t\t\t\t<span class=\"elementor-button-text\">Regresar<\/span>\n\t\t\t\t\t<\/span>\n\t\t\t\t\t<\/a>\n\t\t<\/div>\n\t\t\t\t<\/div>\n\t\t\t\t<\/div>\n\t\t\t\t\t<\/div>\n\t\t\t\t<\/div>\n\t\t\t\t<\/div>\n\t\t","protected":false},"excerpt":{"rendered":"<p>Arquitecta, Licenciada en Arte, Mag\u00edster en Estudios del Arte, Docente Universitaria. Logros y Reconocimientos: Vicepresidente de Bellas Artes Ecuador. Directora de ARTE EN ACCI\u00d3N INTERNACIONAL. Artista Visual y Gestora Cultural. Coordinadora y organizadora de 60 actividades internacionales en los 5 continentes, como vicepresidenta de la Fundaci\u00f3n Bellas Artes Ecuador. Miembro de la Casa de la [&hellip;]<\/p>\n","protected":false},"author":1,"featured_media":0,"parent":0,"menu_order":0,"comment_status":"closed","ping_status":"closed","template":"","meta":{"_monsterinsights_skip_tracking":false,"_monsterinsights_sitenote_active":false,"_monsterinsights_sitenote_note":"","_monsterinsights_sitenote_category":0,"footnotes":""},"class_list":["post-752","page","type-page","status-publish","hentry"],"aioseo_notices":[],"_links":{"self":[{"href":"https:\/\/salondejuniomachala.com\/index.php\/wp-json\/wp\/v2\/pages\/752","targetHints":{"allow":["GET"]}}],"collection":[{"href":"https:\/\/salondejuniomachala.com\/index.php\/wp-json\/wp\/v2\/pages"}],"about":[{"href":"https:\/\/salondejuniomachala.com\/index.php\/wp-json\/wp\/v2\/types\/page"}],"author":[{"embeddable":true,"href":"https:\/\/salondejuniomachala.com\/index.php\/wp-json\/wp\/v2\/users\/1"}],"replies":[{"embeddable":true,"href":"https:\/\/salondejuniomachala.com\/index.php\/wp-json\/wp\/v2\/comments?post=752"}],"version-history":[{"count":0,"href":"https:\/\/salondejuniomachala.com\/index.php\/wp-json\/wp\/v2\/pages\/752\/revisions"}],"wp:attachment":[{"href":"https:\/\/salondejuniomachala.com\/index.php\/wp-json\/wp\/v2\/media?parent=752"}],"curies":[{"name":"wp","href":"https:\/\/api.w.org\/{rel}","templated":true}]}}