{"id":6377,"date":"2024-05-05T20:47:53","date_gmt":"2024-05-05T20:47:53","guid":{"rendered":"https:\/\/salondejuniomachala.com\/?page_id=6377"},"modified":"2024-05-12T16:55:16","modified_gmt":"2024-05-12T21:55:16","slug":"novena-edicion","status":"publish","type":"page","link":"https:\/\/salondejuniomachala.com\/index.php\/novena-edicion\/","title":{"rendered":"Novena Edici\u00f3n"},"content":{"rendered":"\t\t<div data-elementor-type=\"wp-page\" data-elementor-id=\"6377\" class=\"elementor elementor-6377\">\n\t\t\t\t<div class=\"elementor-element elementor-element-c998184 e-flex e-con-boxed e-con e-parent\" data-id=\"c998184\" data-element_type=\"container\">\n\t\t\t\t\t<div class=\"e-con-inner\">\n\t\t\t\t<div class=\"elementor-element elementor-element-ff27a55 elementor-widget elementor-widget-image\" data-id=\"ff27a55\" data-element_type=\"widget\" data-widget_type=\"image.default\">\n\t\t\t\t<div class=\"elementor-widget-container\">\n\t\t\t<style>\/*! elementor - v3.21.0 - 30-04-2024 *\/\n.elementor-widget-image{text-align:center}.elementor-widget-image a{display:inline-block}.elementor-widget-image a img[src$=\".svg\"]{width:48px}.elementor-widget-image img{vertical-align:middle;display:inline-block}<\/style>\t\t\t\t\t\t\t\t\t\t<img fetchpriority=\"high\" decoding=\"async\" width=\"1919\" height=\"300\" src=\"https:\/\/salondejuniomachala.com\/wp-content\/uploads\/2024\/05\/BANNER-1919X300.png\" class=\"attachment-full size-full wp-image-5648\" alt=\"\" srcset=\"https:\/\/salondejuniomachala.com\/wp-content\/uploads\/2024\/05\/BANNER-1919X300.png 1919w, https:\/\/salondejuniomachala.com\/wp-content\/uploads\/2024\/05\/BANNER-1919X300-300x47.png 300w, https:\/\/salondejuniomachala.com\/wp-content\/uploads\/2024\/05\/BANNER-1919X300-1024x160.png 1024w, https:\/\/salondejuniomachala.com\/wp-content\/uploads\/2024\/05\/BANNER-1919X300-768x120.png 768w, https:\/\/salondejuniomachala.com\/wp-content\/uploads\/2024\/05\/BANNER-1919X300-1536x240.png 1536w, https:\/\/salondejuniomachala.com\/wp-content\/uploads\/2024\/05\/BANNER-1919X300-600x94.png 600w\" sizes=\"(max-width: 1919px) 100vw, 1919px\" \/>\t\t\t\t\t\t\t\t\t\t\t\t\t<\/div>\n\t\t\t\t<\/div>\n\t\t\t\t\t<\/div>\n\t\t\t\t<\/div>\n\t\t<div class=\"elementor-element elementor-element-8b2ddc6 e-flex e-con-boxed e-con e-parent\" data-id=\"8b2ddc6\" data-element_type=\"container\">\n\t\t\t\t\t<div class=\"e-con-inner\">\n\t\t\t\t<div class=\"elementor-element elementor-element-9cabf5a elementor-widget elementor-widget-heading\" data-id=\"9cabf5a\" data-element_type=\"widget\" data-widget_type=\"heading.default\">\n\t\t\t\t<div class=\"elementor-widget-container\">\n\t\t\t<style>\/*! elementor - v3.21.0 - 30-04-2024 *\/\n.elementor-heading-title{padding:0;margin:0;line-height:1}.elementor-widget-heading .elementor-heading-title[class*=elementor-size-]>a{color:inherit;font-size:inherit;line-height:inherit}.elementor-widget-heading .elementor-heading-title.elementor-size-small{font-size:15px}.elementor-widget-heading .elementor-heading-title.elementor-size-medium{font-size:19px}.elementor-widget-heading .elementor-heading-title.elementor-size-large{font-size:29px}.elementor-widget-heading .elementor-heading-title.elementor-size-xl{font-size:39px}.elementor-widget-heading .elementor-heading-title.elementor-size-xxl{font-size:59px}<\/style><h2 class=\"elementor-heading-title elementor-size-default\">Novena Edici\u00f3n - 2018<\/h2>\t\t<\/div>\n\t\t\t\t<\/div>\n\t\t\t\t\t<\/div>\n\t\t\t\t<\/div>\n\t\t<div class=\"elementor-element elementor-element-f76c115 e-flex e-con-boxed e-con e-parent\" data-id=\"f76c115\" data-element_type=\"container\">\n\t\t\t\t\t<div class=\"e-con-inner\">\n\t\t\t\t<div class=\"elementor-element elementor-element-4108eff elementor-widget-divider--view-line elementor-widget elementor-widget-divider\" data-id=\"4108eff\" data-element_type=\"widget\" data-widget_type=\"divider.default\">\n\t\t\t\t<div class=\"elementor-widget-container\">\n\t\t\t<style>\/*! elementor - v3.21.0 - 30-04-2024 *\/\n.elementor-widget-divider{--divider-border-style:none;--divider-border-width:1px;--divider-color:#0c0d0e;--divider-icon-size:20px;--divider-element-spacing:10px;--divider-pattern-height:24px;--divider-pattern-size:20px;--divider-pattern-url:none;--divider-pattern-repeat:repeat-x}.elementor-widget-divider .elementor-divider{display:flex}.elementor-widget-divider .elementor-divider__text{font-size:15px;line-height:1;max-width:95%}.elementor-widget-divider .elementor-divider__element{margin:0 var(--divider-element-spacing);flex-shrink:0}.elementor-widget-divider .elementor-icon{font-size:var(--divider-icon-size)}.elementor-widget-divider .elementor-divider-separator{display:flex;margin:0;direction:ltr}.elementor-widget-divider--view-line_icon .elementor-divider-separator,.elementor-widget-divider--view-line_text .elementor-divider-separator{align-items:center}.elementor-widget-divider--view-line_icon .elementor-divider-separator:after,.elementor-widget-divider--view-line_icon .elementor-divider-separator:before,.elementor-widget-divider--view-line_text .elementor-divider-separator:after,.elementor-widget-divider--view-line_text .elementor-divider-separator:before{display:block;content:\"\";border-block-end:0;flex-grow:1;border-block-start:var(--divider-border-width) var(--divider-border-style) var(--divider-color)}.elementor-widget-divider--element-align-left .elementor-divider .elementor-divider-separator>.elementor-divider__svg:first-of-type{flex-grow:0;flex-shrink:100}.elementor-widget-divider--element-align-left .elementor-divider-separator:before{content:none}.elementor-widget-divider--element-align-left .elementor-divider__element{margin-left:0}.elementor-widget-divider--element-align-right .elementor-divider .elementor-divider-separator>.elementor-divider__svg:last-of-type{flex-grow:0;flex-shrink:100}.elementor-widget-divider--element-align-right .elementor-divider-separator:after{content:none}.elementor-widget-divider--element-align-right .elementor-divider__element{margin-right:0}.elementor-widget-divider--element-align-start .elementor-divider .elementor-divider-separator>.elementor-divider__svg:first-of-type{flex-grow:0;flex-shrink:100}.elementor-widget-divider--element-align-start .elementor-divider-separator:before{content:none}.elementor-widget-divider--element-align-start .elementor-divider__element{margin-inline-start:0}.elementor-widget-divider--element-align-end .elementor-divider .elementor-divider-separator>.elementor-divider__svg:last-of-type{flex-grow:0;flex-shrink:100}.elementor-widget-divider--element-align-end .elementor-divider-separator:after{content:none}.elementor-widget-divider--element-align-end .elementor-divider__element{margin-inline-end:0}.elementor-widget-divider:not(.elementor-widget-divider--view-line_text):not(.elementor-widget-divider--view-line_icon) .elementor-divider-separator{border-block-start:var(--divider-border-width) var(--divider-border-style) var(--divider-color)}.elementor-widget-divider--separator-type-pattern{--divider-border-style:none}.elementor-widget-divider--separator-type-pattern.elementor-widget-divider--view-line .elementor-divider-separator,.elementor-widget-divider--separator-type-pattern:not(.elementor-widget-divider--view-line) .elementor-divider-separator:after,.elementor-widget-divider--separator-type-pattern:not(.elementor-widget-divider--view-line) .elementor-divider-separator:before,.elementor-widget-divider--separator-type-pattern:not([class*=elementor-widget-divider--view]) .elementor-divider-separator{width:100%;min-height:var(--divider-pattern-height);-webkit-mask-size:var(--divider-pattern-size) 100%;mask-size:var(--divider-pattern-size) 100%;-webkit-mask-repeat:var(--divider-pattern-repeat);mask-repeat:var(--divider-pattern-repeat);background-color:var(--divider-color);-webkit-mask-image:var(--divider-pattern-url);mask-image:var(--divider-pattern-url)}.elementor-widget-divider--no-spacing{--divider-pattern-size:auto}.elementor-widget-divider--bg-round{--divider-pattern-repeat:round}.rtl .elementor-widget-divider .elementor-divider__text{direction:rtl}.e-con-inner>.elementor-widget-divider,.e-con>.elementor-widget-divider{width:var(--container-widget-width,100%);--flex-grow:var(--container-widget-flex-grow)}<\/style>\t\t<div class=\"elementor-divider\">\n\t\t\t<span class=\"elementor-divider-separator\">\n\t\t\t\t\t\t<\/span>\n\t\t<\/div>\n\t\t\t\t<\/div>\n\t\t\t\t<\/div>\n\t\t\t\t\t<\/div>\n\t\t\t\t<\/div>\n\t\t<div class=\"elementor-element elementor-element-d3d4abb e-flex e-con-boxed e-con e-parent\" data-id=\"d3d4abb\" data-element_type=\"container\">\n\t\t\t\t\t<div class=\"e-con-inner\">\n\t\t\t\t<div class=\"elementor-element elementor-element-fff7f02 elementor-widget elementor-widget-heading\" data-id=\"fff7f02\" data-element_type=\"widget\" data-widget_type=\"heading.default\">\n\t\t\t\t<div class=\"elementor-widget-container\">\n\t\t\t<h2 class=\"elementor-heading-title elementor-size-default\">Primer Lugar<\/h2>\t\t<\/div>\n\t\t\t\t<\/div>\n\t\t\t\t<div class=\"elementor-element elementor-element-fda0e68 elementor-widget elementor-widget-heading\" data-id=\"fda0e68\" data-element_type=\"widget\" data-widget_type=\"heading.default\">\n\t\t\t\t<div class=\"elementor-widget-container\">\n\t\t\t<h4 class=\"elementor-heading-title elementor-size-default\">Marcel Leonardo Moyano Mora<\/h4>\t\t<\/div>\n\t\t\t\t<\/div>\n\t\t\t\t\t<\/div>\n\t\t\t\t<\/div>\n\t\t<div class=\"elementor-element elementor-element-bbdd74f e-grid e-con-boxed e-con e-parent\" data-id=\"bbdd74f\" data-element_type=\"container\">\n\t\t\t\t\t<div class=\"e-con-inner\">\n\t\t\t\t<div class=\"elementor-element elementor-element-1526262 elementor-widget elementor-widget-image\" data-id=\"1526262\" data-element_type=\"widget\" data-widget_type=\"image.default\">\n\t\t\t\t<div class=\"elementor-widget-container\">\n\t\t\t\t\t\t\t\t\t\t\t\t\t<img decoding=\"async\" width=\"292\" height=\"300\" src=\"https:\/\/salondejuniomachala.com\/wp-content\/uploads\/2024\/05\/17.-\u00bfQue-significa-Usuario-no-encontrado-en-Instagram-KW-usuario-no-encontrado-en-Instagram-1-292x300.jpg\" class=\"attachment-medium size-medium wp-image-6187\" alt=\"\" srcset=\"https:\/\/salondejuniomachala.com\/wp-content\/uploads\/2024\/05\/17.-\u00bfQue-significa-Usuario-no-encontrado-en-Instagram-KW-usuario-no-encontrado-en-Instagram-1-292x300.jpg 292w, https:\/\/salondejuniomachala.com\/wp-content\/uploads\/2024\/05\/17.-\u00bfQue-significa-Usuario-no-encontrado-en-Instagram-KW-usuario-no-encontrado-en-Instagram-1.jpg 360w\" sizes=\"(max-width: 292px) 100vw, 292px\" \/>\t\t\t\t\t\t\t\t\t\t\t\t\t<\/div>\n\t\t\t\t<\/div>\n\t\t\t\t<div class=\"elementor-element elementor-element-4728348 elementor-widget elementor-widget-text-editor\" data-id=\"4728348\" data-element_type=\"widget\" data-widget_type=\"text-editor.default\">\n\t\t\t\t<div class=\"elementor-widget-container\">\n\t\t\t<style>\/*! elementor - v3.21.0 - 30-04-2024 *\/\n.elementor-widget-text-editor.elementor-drop-cap-view-stacked .elementor-drop-cap{background-color:#69727d;color:#fff}.elementor-widget-text-editor.elementor-drop-cap-view-framed .elementor-drop-cap{color:#69727d;border:3px solid;background-color:transparent}.elementor-widget-text-editor:not(.elementor-drop-cap-view-default) .elementor-drop-cap{margin-top:8px}.elementor-widget-text-editor:not(.elementor-drop-cap-view-default) .elementor-drop-cap-letter{width:1em;height:1em}.elementor-widget-text-editor .elementor-drop-cap{float:left;text-align:center;line-height:1;font-size:50px}.elementor-widget-text-editor .elementor-drop-cap-letter{display:inline-block}<\/style>\t\t\t\t<p>\u00ab<strong>Splitting\u00bb<\/strong>\u00a0tomo como imagen central la parte principal de una sala del sur de Guayaquil. La cual se encuentra en proceso de litigio por sus actuales herederos.\u00a0 De esta manera; eventualmente, represento los problemas territoriales que se encuentran hoy en d\u00eda vigente, haciendo una met\u00e1fora a la divisi\u00f3n de tierras fronterizas y como el poder es visible en estas circunstancias donde los l\u00edmites se ven caducos ya, y nos preguntamos de forma r\u00e1pida, c\u00f3mo dividimos estos espacios, o quien se ver\u00e1 favorecido de lo otro, que es atribuido de manera radical a estos conflictos internos.<\/p><p>Creando dentro de \u00e9l, un h\u00e1bitat de conflicto en el que la certeza de estos l\u00edmites se diluye. Son espacios que, al recorrerlos, el espectador carece de memoria, de ambivalencia como sujeto hacia lo que presencia y representa.<\/p>\t\t\t\t\t\t<\/div>\n\t\t\t\t<\/div>\n\t\t\t\t\t<\/div>\n\t\t\t\t<\/div>\n\t\t<div class=\"elementor-element elementor-element-89e3b24 e-flex e-con-boxed e-con e-parent\" data-id=\"89e3b24\" data-element_type=\"container\">\n\t\t\t\t\t<div class=\"e-con-inner\">\n\t\t\t\t<div class=\"elementor-element elementor-element-9d8e09a elementor-align-right elementor-widget elementor-widget-button\" data-id=\"9d8e09a\" data-element_type=\"widget\" data-settings=\"{&quot;_animation&quot;:&quot;none&quot;}\" data-widget_type=\"button.default\">\n\t\t\t\t<div class=\"elementor-widget-container\">\n\t\t\t\t\t<div class=\"elementor-button-wrapper\">\n\t\t\t<a class=\"elementor-button elementor-button-link elementor-size-sm elementor-animation-pulse-grow\" href=\"#banner24\">\n\t\t\t\t\t\t<span class=\"elementor-button-content-wrapper\">\n\t\t\t\t\t\t\t\t\t<span class=\"elementor-button-text\">Ver Obra<\/span>\n\t\t\t\t\t<\/span>\n\t\t\t\t\t<\/a>\n\t\t<\/div>\n\t\t\t\t<\/div>\n\t\t\t\t<\/div>\n\t\t\t\t\t<\/div>\n\t\t\t\t<\/div>\n\t\t<div class=\"elementor-element elementor-element-622965e e-flex e-con-boxed e-con e-parent\" data-id=\"622965e\" data-element_type=\"container\">\n\t\t\t\t\t<div class=\"e-con-inner\">\n\t\t\t\t<div class=\"elementor-element elementor-element-c570a58 elementor-widget-divider--view-line elementor-widget elementor-widget-divider\" data-id=\"c570a58\" data-element_type=\"widget\" data-widget_type=\"divider.default\">\n\t\t\t\t<div class=\"elementor-widget-container\">\n\t\t\t\t\t<div class=\"elementor-divider\">\n\t\t\t<span class=\"elementor-divider-separator\">\n\t\t\t\t\t\t<\/span>\n\t\t<\/div>\n\t\t\t\t<\/div>\n\t\t\t\t<\/div>\n\t\t\t\t\t<\/div>\n\t\t\t\t<\/div>\n\t\t<div class=\"elementor-element elementor-element-a8cbaa1 e-flex e-con-boxed e-con e-parent\" data-id=\"a8cbaa1\" data-element_type=\"container\">\n\t\t\t\t\t<div class=\"e-con-inner\">\n\t\t\t\t<div class=\"elementor-element elementor-element-d459eae elementor-widget elementor-widget-heading\" data-id=\"d459eae\" data-element_type=\"widget\" data-widget_type=\"heading.default\">\n\t\t\t\t<div class=\"elementor-widget-container\">\n\t\t\t<h2 class=\"elementor-heading-title elementor-size-default\">Segundo Lugar<\/h2>\t\t<\/div>\n\t\t\t\t<\/div>\n\t\t\t\t<div class=\"elementor-element elementor-element-a0823cc elementor-widget elementor-widget-heading\" data-id=\"a0823cc\" data-element_type=\"widget\" data-widget_type=\"heading.default\">\n\t\t\t\t<div class=\"elementor-widget-container\">\n\t\t\t<h4 class=\"elementor-heading-title elementor-size-default\">Joel Ram\u00edrez Gallegos<\/h4>\t\t<\/div>\n\t\t\t\t<\/div>\n\t\t\t\t\t<\/div>\n\t\t\t\t<\/div>\n\t\t<div class=\"elementor-element elementor-element-b9ff8ec e-grid e-con-boxed e-con e-parent\" data-id=\"b9ff8ec\" data-element_type=\"container\">\n\t\t\t\t\t<div class=\"e-con-inner\">\n\t\t\t\t<div class=\"elementor-element elementor-element-331d6da elementor-widget elementor-widget-image\" data-id=\"331d6da\" data-element_type=\"widget\" data-widget_type=\"image.default\">\n\t\t\t\t<div class=\"elementor-widget-container\">\n\t\t\t\t\t\t\t\t\t\t\t\t\t<img decoding=\"async\" width=\"292\" height=\"300\" src=\"https:\/\/salondejuniomachala.com\/wp-content\/uploads\/2024\/05\/17.-\u00bfQue-significa-Usuario-no-encontrado-en-Instagram-KW-usuario-no-encontrado-en-Instagram-1-292x300.jpg\" class=\"attachment-medium size-medium wp-image-6187\" alt=\"\" srcset=\"https:\/\/salondejuniomachala.com\/wp-content\/uploads\/2024\/05\/17.-\u00bfQue-significa-Usuario-no-encontrado-en-Instagram-KW-usuario-no-encontrado-en-Instagram-1-292x300.jpg 292w, https:\/\/salondejuniomachala.com\/wp-content\/uploads\/2024\/05\/17.-\u00bfQue-significa-Usuario-no-encontrado-en-Instagram-KW-usuario-no-encontrado-en-Instagram-1.jpg 360w\" sizes=\"(max-width: 292px) 100vw, 292px\" \/>\t\t\t\t\t\t\t\t\t\t\t\t\t<\/div>\n\t\t\t\t<\/div>\n\t\t\t\t<div class=\"elementor-element elementor-element-84da38f elementor-widget elementor-widget-text-editor\" data-id=\"84da38f\" data-element_type=\"widget\" data-widget_type=\"text-editor.default\">\n\t\t\t\t<div class=\"elementor-widget-container\">\n\t\t\t\t\t\t\t<p>\u00ab<strong>D\u00e9j\u00e1 vu\u201d o dejav\u00fa\u00bb<\/strong>, es un t\u00e9rmino franc\u00e9s que significa \u201cya visto\u201d. El concepto describe la sensaci\u00f3n que experimenta una persona al pensar que ya ha vivido con anterioridad un hecho que, en realidad, es novedoso.<\/p><p>En este contexto hice esta obra basada en acontecimientos actuales de nuestra realidad como sociedad. Las redes sociales son un fen\u00f3meno que involucra todo. A modo de estudio; se refieren al conjunto delimitado de individuos, grupos, comunidades y organizaciones vinculados unos a otros a trav\u00e9s de relaciones sociales; as\u00ed como los puntos de encuentros antiguos, como los tendederos y lavander\u00edas urbanas, donde se sab\u00eda todo de todo y e forman verdaderas redes.<\/p><p>Eran los tendederos familiares donde la gente se comunicaba para reunirse a un asado, al futbol, al baile, misa de r\u00e9quiem o simplemente el morbo del chisme del momento en la barriada.<\/p>\t\t\t\t\t\t<\/div>\n\t\t\t\t<\/div>\n\t\t\t\t\t<\/div>\n\t\t\t\t<\/div>\n\t\t<div class=\"elementor-element elementor-element-6386935 e-flex e-con-boxed e-con e-parent\" data-id=\"6386935\" data-element_type=\"container\">\n\t\t\t\t\t<div class=\"e-con-inner\">\n\t\t\t\t<div class=\"elementor-element elementor-element-0e86448 elementor-align-right elementor-widget elementor-widget-button\" data-id=\"0e86448\" data-element_type=\"widget\" data-settings=\"{&quot;_animation&quot;:&quot;none&quot;}\" data-widget_type=\"button.default\">\n\t\t\t\t<div class=\"elementor-widget-container\">\n\t\t\t\t\t<div class=\"elementor-button-wrapper\">\n\t\t\t<a class=\"elementor-button elementor-button-link elementor-size-sm elementor-animation-pulse-grow\" href=\"#banner25\">\n\t\t\t\t\t\t<span class=\"elementor-button-content-wrapper\">\n\t\t\t\t\t\t\t\t\t<span class=\"elementor-button-text\">Ver Obra<\/span>\n\t\t\t\t\t<\/span>\n\t\t\t\t\t<\/a>\n\t\t<\/div>\n\t\t\t\t<\/div>\n\t\t\t\t<\/div>\n\t\t\t\t\t<\/div>\n\t\t\t\t<\/div>\n\t\t<div class=\"elementor-element elementor-element-7b68dc3 e-flex e-con-boxed e-con e-parent\" data-id=\"7b68dc3\" data-element_type=\"container\">\n\t\t\t\t\t<div class=\"e-con-inner\">\n\t\t\t\t<div class=\"elementor-element elementor-element-2ebe739 elementor-widget-divider--view-line elementor-widget elementor-widget-divider\" data-id=\"2ebe739\" data-element_type=\"widget\" data-widget_type=\"divider.default\">\n\t\t\t\t<div class=\"elementor-widget-container\">\n\t\t\t\t\t<div class=\"elementor-divider\">\n\t\t\t<span class=\"elementor-divider-separator\">\n\t\t\t\t\t\t<\/span>\n\t\t<\/div>\n\t\t\t\t<\/div>\n\t\t\t\t<\/div>\n\t\t\t\t\t<\/div>\n\t\t\t\t<\/div>\n\t\t<div class=\"elementor-element elementor-element-993c585 e-flex e-con-boxed e-con e-parent\" data-id=\"993c585\" data-element_type=\"container\">\n\t\t\t\t\t<div class=\"e-con-inner\">\n\t\t\t\t<div class=\"elementor-element elementor-element-be5821a elementor-widget elementor-widget-heading\" data-id=\"be5821a\" data-element_type=\"widget\" data-widget_type=\"heading.default\">\n\t\t\t\t<div class=\"elementor-widget-container\">\n\t\t\t<h2 class=\"elementor-heading-title elementor-size-default\">Tercer Lugar<\/h2>\t\t<\/div>\n\t\t\t\t<\/div>\n\t\t\t\t<div class=\"elementor-element elementor-element-c7be015 elementor-widget elementor-widget-heading\" data-id=\"c7be015\" data-element_type=\"widget\" data-widget_type=\"heading.default\">\n\t\t\t\t<div class=\"elementor-widget-container\">\n\t\t\t<h4 class=\"elementor-heading-title elementor-size-default\">Orlando Javier Quinapanta Molina<\/h4>\t\t<\/div>\n\t\t\t\t<\/div>\n\t\t\t\t\t<\/div>\n\t\t\t\t<\/div>\n\t\t<div class=\"elementor-element elementor-element-3798a2f e-grid e-con-boxed e-con e-parent\" data-id=\"3798a2f\" data-element_type=\"container\">\n\t\t\t\t\t<div class=\"e-con-inner\">\n\t\t\t\t<div class=\"elementor-element elementor-element-edaae97 elementor-widget elementor-widget-image\" data-id=\"edaae97\" data-element_type=\"widget\" data-widget_type=\"image.default\">\n\t\t\t\t<div class=\"elementor-widget-container\">\n\t\t\t\t\t\t\t\t\t\t\t\t\t<img decoding=\"async\" width=\"292\" height=\"300\" src=\"https:\/\/salondejuniomachala.com\/wp-content\/uploads\/2024\/05\/17.-\u00bfQue-significa-Usuario-no-encontrado-en-Instagram-KW-usuario-no-encontrado-en-Instagram-1-292x300.jpg\" class=\"attachment-medium size-medium wp-image-6187\" alt=\"\" srcset=\"https:\/\/salondejuniomachala.com\/wp-content\/uploads\/2024\/05\/17.-\u00bfQue-significa-Usuario-no-encontrado-en-Instagram-KW-usuario-no-encontrado-en-Instagram-1-292x300.jpg 292w, https:\/\/salondejuniomachala.com\/wp-content\/uploads\/2024\/05\/17.-\u00bfQue-significa-Usuario-no-encontrado-en-Instagram-KW-usuario-no-encontrado-en-Instagram-1.jpg 360w\" sizes=\"(max-width: 292px) 100vw, 292px\" \/>\t\t\t\t\t\t\t\t\t\t\t\t\t<\/div>\n\t\t\t\t<\/div>\n\t\t\t\t<div class=\"elementor-element elementor-element-9bd67d5 elementor-widget elementor-widget-text-editor\" data-id=\"9bd67d5\" data-element_type=\"widget\" data-widget_type=\"text-editor.default\">\n\t\t\t\t<div class=\"elementor-widget-container\">\n\t\t\t\t\t\t\t<p>\u00ab<strong>Devenir Inevitable <\/strong>\u00bb\u00a0el advenimiento de lo inevitable como el instante mismo en el que se decide nuestro devenir, un instante en el que la necesidad, el discurso, y la manipulaci\u00f3n nos convierte en el detonante de nuestro propio destino, como jumentos con sus pies en la academia, como misiles con bombas de palabras, m\u00e1s all\u00e1 de la sensaci\u00f3n de la materialidad que el desapego transforma en herida abierta. Esa herida que a\u00fan fresca se ha convertido en la memoria y conciencia colectiva.\u00a0<\/p><p>Cargamos nuestro destino como cargamos nuestras palabras, nuestros conceptos, ficciones, esperanzas, todas ellas a punto de estallar\u201d.<\/p>\t\t\t\t\t\t<\/div>\n\t\t\t\t<\/div>\n\t\t\t\t\t<\/div>\n\t\t\t\t<\/div>\n\t\t<div class=\"elementor-element elementor-element-6b31080 e-flex e-con-boxed e-con e-parent\" data-id=\"6b31080\" data-element_type=\"container\">\n\t\t\t\t\t<div class=\"e-con-inner\">\n\t\t\t\t<div class=\"elementor-element elementor-element-db6171a elementor-align-right elementor-widget elementor-widget-button\" data-id=\"db6171a\" data-element_type=\"widget\" data-settings=\"{&quot;_animation&quot;:&quot;none&quot;}\" data-widget_type=\"button.default\">\n\t\t\t\t<div class=\"elementor-widget-container\">\n\t\t\t\t\t<div class=\"elementor-button-wrapper\">\n\t\t\t<a class=\"elementor-button elementor-button-link elementor-size-sm elementor-animation-pulse-grow\" href=\"#banner26\">\n\t\t\t\t\t\t<span class=\"elementor-button-content-wrapper\">\n\t\t\t\t\t\t\t\t\t<span class=\"elementor-button-text\">Ver Obra<\/span>\n\t\t\t\t\t<\/span>\n\t\t\t\t\t<\/a>\n\t\t<\/div>\n\t\t\t\t<\/div>\n\t\t\t\t<\/div>\n\t\t\t\t\t<\/div>\n\t\t\t\t<\/div>\n\t\t<div class=\"elementor-element elementor-element-58b0bb3 e-flex e-con-boxed e-con e-parent\" data-id=\"58b0bb3\" data-element_type=\"container\">\n\t\t\t\t\t<div class=\"e-con-inner\">\n\t\t\t\t<div class=\"elementor-element elementor-element-7d47815 elementor-widget-divider--view-line elementor-widget elementor-widget-divider\" data-id=\"7d47815\" data-element_type=\"widget\" data-widget_type=\"divider.default\">\n\t\t\t\t<div class=\"elementor-widget-container\">\n\t\t\t\t\t<div class=\"elementor-divider\">\n\t\t\t<span class=\"elementor-divider-separator\">\n\t\t\t\t\t\t<\/span>\n\t\t<\/div>\n\t\t\t\t<\/div>\n\t\t\t\t<\/div>\n\t\t\t\t\t<\/div>\n\t\t\t\t<\/div>\n\t\t<div class=\"elementor-element elementor-element-c790dae e-flex e-con-boxed e-con e-parent\" data-id=\"c790dae\" data-element_type=\"container\">\n\t\t\t\t\t<div class=\"e-con-inner\">\n\t\t\t\t<div class=\"elementor-element elementor-element-5329aa0 elementor-widget elementor-widget-button\" data-id=\"5329aa0\" data-element_type=\"widget\" data-widget_type=\"button.default\">\n\t\t\t\t<div class=\"elementor-widget-container\">\n\t\t\t\t\t<div class=\"elementor-button-wrapper\">\n\t\t\t<a class=\"elementor-button elementor-button-link elementor-size-sm\" href=\"https:\/\/salondejuniomachala.com\/#edicion\">\n\t\t\t\t\t\t<span class=\"elementor-button-content-wrapper\">\n\t\t\t\t\t\t\t\t\t<span class=\"elementor-button-text\">Regresar<\/span>\n\t\t\t\t\t<\/span>\n\t\t\t\t\t<\/a>\n\t\t<\/div>\n\t\t\t\t<\/div>\n\t\t\t\t<\/div>\n\t\t\t\t\t<\/div>\n\t\t\t\t<\/div>\n\t\t\t\t<\/div>\n\t\t","protected":false},"excerpt":{"rendered":"<p>Novena Edici\u00f3n &#8211; 2018 Primer Lugar Marcel Leonardo Moyano Mora \u00abSplitting\u00bb\u00a0tomo como imagen central la parte principal de una sala del sur de Guayaquil. La cual se encuentra en proceso de litigio por sus actuales herederos.\u00a0 De esta manera; eventualmente, represento los problemas territoriales que se encuentran hoy en d\u00eda vigente, haciendo una met\u00e1fora a [&hellip;]<\/p>\n","protected":false},"author":1,"featured_media":0,"parent":0,"menu_order":0,"comment_status":"closed","ping_status":"closed","template":"","meta":{"_monsterinsights_skip_tracking":false,"_monsterinsights_sitenote_active":false,"_monsterinsights_sitenote_note":"","_monsterinsights_sitenote_category":0,"footnotes":""},"class_list":["post-6377","page","type-page","status-publish","hentry"],"aioseo_notices":[],"_links":{"self":[{"href":"https:\/\/salondejuniomachala.com\/index.php\/wp-json\/wp\/v2\/pages\/6377","targetHints":{"allow":["GET"]}}],"collection":[{"href":"https:\/\/salondejuniomachala.com\/index.php\/wp-json\/wp\/v2\/pages"}],"about":[{"href":"https:\/\/salondejuniomachala.com\/index.php\/wp-json\/wp\/v2\/types\/page"}],"author":[{"embeddable":true,"href":"https:\/\/salondejuniomachala.com\/index.php\/wp-json\/wp\/v2\/users\/1"}],"replies":[{"embeddable":true,"href":"https:\/\/salondejuniomachala.com\/index.php\/wp-json\/wp\/v2\/comments?post=6377"}],"version-history":[{"count":0,"href":"https:\/\/salondejuniomachala.com\/index.php\/wp-json\/wp\/v2\/pages\/6377\/revisions"}],"wp:attachment":[{"href":"https:\/\/salondejuniomachala.com\/index.php\/wp-json\/wp\/v2\/media?parent=6377"}],"curies":[{"name":"wp","href":"https:\/\/api.w.org\/{rel}","templated":true}]}}