{"id":6305,"date":"2024-05-05T20:10:58","date_gmt":"2024-05-05T20:10:58","guid":{"rendered":"https:\/\/salondejuniomachala.com\/?page_id=6305"},"modified":"2024-05-22T11:25:51","modified_gmt":"2024-05-22T16:25:51","slug":"septima-edicion","status":"publish","type":"page","link":"https:\/\/salondejuniomachala.com\/index.php\/septima-edicion\/","title":{"rendered":"S\u00e9ptima Edici\u00f3n"},"content":{"rendered":"\t\t<div data-elementor-type=\"wp-page\" data-elementor-id=\"6305\" class=\"elementor elementor-6305\">\n\t\t\t\t<div class=\"elementor-element elementor-element-ddc15f9 e-flex e-con-boxed e-con e-parent\" data-id=\"ddc15f9\" data-element_type=\"container\">\n\t\t\t\t\t<div class=\"e-con-inner\">\n\t\t\t\t<div class=\"elementor-element elementor-element-e3f1cc1 elementor-widget elementor-widget-image\" data-id=\"e3f1cc1\" data-element_type=\"widget\" data-widget_type=\"image.default\">\n\t\t\t\t<div class=\"elementor-widget-container\">\n\t\t\t<style>\/*! elementor - v3.21.0 - 30-04-2024 *\/\n.elementor-widget-image{text-align:center}.elementor-widget-image a{display:inline-block}.elementor-widget-image a img[src$=\".svg\"]{width:48px}.elementor-widget-image img{vertical-align:middle;display:inline-block}<\/style>\t\t\t\t\t\t\t\t\t\t<img fetchpriority=\"high\" decoding=\"async\" width=\"1919\" height=\"300\" src=\"https:\/\/salondejuniomachala.com\/wp-content\/uploads\/2024\/05\/BANNER-1919X300.png\" class=\"attachment-full size-full wp-image-5648\" alt=\"\" srcset=\"https:\/\/salondejuniomachala.com\/wp-content\/uploads\/2024\/05\/BANNER-1919X300.png 1919w, https:\/\/salondejuniomachala.com\/wp-content\/uploads\/2024\/05\/BANNER-1919X300-300x47.png 300w, https:\/\/salondejuniomachala.com\/wp-content\/uploads\/2024\/05\/BANNER-1919X300-1024x160.png 1024w, https:\/\/salondejuniomachala.com\/wp-content\/uploads\/2024\/05\/BANNER-1919X300-768x120.png 768w, https:\/\/salondejuniomachala.com\/wp-content\/uploads\/2024\/05\/BANNER-1919X300-1536x240.png 1536w, https:\/\/salondejuniomachala.com\/wp-content\/uploads\/2024\/05\/BANNER-1919X300-600x94.png 600w\" sizes=\"(max-width: 1919px) 100vw, 1919px\" \/>\t\t\t\t\t\t\t\t\t\t\t\t\t<\/div>\n\t\t\t\t<\/div>\n\t\t\t\t\t<\/div>\n\t\t\t\t<\/div>\n\t\t<div class=\"elementor-element elementor-element-59bdd2b e-flex e-con-boxed e-con e-parent\" data-id=\"59bdd2b\" data-element_type=\"container\">\n\t\t\t\t\t<div class=\"e-con-inner\">\n\t\t\t\t<div class=\"elementor-element elementor-element-f48fce6 elementor-widget elementor-widget-heading\" data-id=\"f48fce6\" data-element_type=\"widget\" data-widget_type=\"heading.default\">\n\t\t\t\t<div class=\"elementor-widget-container\">\n\t\t\t<style>\/*! elementor - v3.21.0 - 30-04-2024 *\/\n.elementor-heading-title{padding:0;margin:0;line-height:1}.elementor-widget-heading .elementor-heading-title[class*=elementor-size-]>a{color:inherit;font-size:inherit;line-height:inherit}.elementor-widget-heading .elementor-heading-title.elementor-size-small{font-size:15px}.elementor-widget-heading .elementor-heading-title.elementor-size-medium{font-size:19px}.elementor-widget-heading .elementor-heading-title.elementor-size-large{font-size:29px}.elementor-widget-heading .elementor-heading-title.elementor-size-xl{font-size:39px}.elementor-widget-heading .elementor-heading-title.elementor-size-xxl{font-size:59px}<\/style><h2 class=\"elementor-heading-title elementor-size-default\">S\u00e9ptima Edici\u00f3n - 2016<\/h2>\t\t<\/div>\n\t\t\t\t<\/div>\n\t\t\t\t\t<\/div>\n\t\t\t\t<\/div>\n\t\t<div class=\"elementor-element elementor-element-50ea607 e-flex e-con-boxed e-con e-parent\" data-id=\"50ea607\" data-element_type=\"container\">\n\t\t\t\t\t<div class=\"e-con-inner\">\n\t\t\t\t<div class=\"elementor-element elementor-element-e162334 elementor-widget-divider--view-line elementor-widget elementor-widget-divider\" data-id=\"e162334\" data-element_type=\"widget\" data-widget_type=\"divider.default\">\n\t\t\t\t<div class=\"elementor-widget-container\">\n\t\t\t<style>\/*! elementor - v3.21.0 - 30-04-2024 *\/\n.elementor-widget-divider{--divider-border-style:none;--divider-border-width:1px;--divider-color:#0c0d0e;--divider-icon-size:20px;--divider-element-spacing:10px;--divider-pattern-height:24px;--divider-pattern-size:20px;--divider-pattern-url:none;--divider-pattern-repeat:repeat-x}.elementor-widget-divider .elementor-divider{display:flex}.elementor-widget-divider .elementor-divider__text{font-size:15px;line-height:1;max-width:95%}.elementor-widget-divider .elementor-divider__element{margin:0 var(--divider-element-spacing);flex-shrink:0}.elementor-widget-divider .elementor-icon{font-size:var(--divider-icon-size)}.elementor-widget-divider .elementor-divider-separator{display:flex;margin:0;direction:ltr}.elementor-widget-divider--view-line_icon .elementor-divider-separator,.elementor-widget-divider--view-line_text .elementor-divider-separator{align-items:center}.elementor-widget-divider--view-line_icon .elementor-divider-separator:after,.elementor-widget-divider--view-line_icon .elementor-divider-separator:before,.elementor-widget-divider--view-line_text .elementor-divider-separator:after,.elementor-widget-divider--view-line_text .elementor-divider-separator:before{display:block;content:\"\";border-block-end:0;flex-grow:1;border-block-start:var(--divider-border-width) var(--divider-border-style) var(--divider-color)}.elementor-widget-divider--element-align-left .elementor-divider .elementor-divider-separator>.elementor-divider__svg:first-of-type{flex-grow:0;flex-shrink:100}.elementor-widget-divider--element-align-left .elementor-divider-separator:before{content:none}.elementor-widget-divider--element-align-left .elementor-divider__element{margin-left:0}.elementor-widget-divider--element-align-right .elementor-divider .elementor-divider-separator>.elementor-divider__svg:last-of-type{flex-grow:0;flex-shrink:100}.elementor-widget-divider--element-align-right .elementor-divider-separator:after{content:none}.elementor-widget-divider--element-align-right .elementor-divider__element{margin-right:0}.elementor-widget-divider--element-align-start .elementor-divider .elementor-divider-separator>.elementor-divider__svg:first-of-type{flex-grow:0;flex-shrink:100}.elementor-widget-divider--element-align-start .elementor-divider-separator:before{content:none}.elementor-widget-divider--element-align-start .elementor-divider__element{margin-inline-start:0}.elementor-widget-divider--element-align-end .elementor-divider .elementor-divider-separator>.elementor-divider__svg:last-of-type{flex-grow:0;flex-shrink:100}.elementor-widget-divider--element-align-end .elementor-divider-separator:after{content:none}.elementor-widget-divider--element-align-end .elementor-divider__element{margin-inline-end:0}.elementor-widget-divider:not(.elementor-widget-divider--view-line_text):not(.elementor-widget-divider--view-line_icon) .elementor-divider-separator{border-block-start:var(--divider-border-width) var(--divider-border-style) var(--divider-color)}.elementor-widget-divider--separator-type-pattern{--divider-border-style:none}.elementor-widget-divider--separator-type-pattern.elementor-widget-divider--view-line .elementor-divider-separator,.elementor-widget-divider--separator-type-pattern:not(.elementor-widget-divider--view-line) .elementor-divider-separator:after,.elementor-widget-divider--separator-type-pattern:not(.elementor-widget-divider--view-line) .elementor-divider-separator:before,.elementor-widget-divider--separator-type-pattern:not([class*=elementor-widget-divider--view]) .elementor-divider-separator{width:100%;min-height:var(--divider-pattern-height);-webkit-mask-size:var(--divider-pattern-size) 100%;mask-size:var(--divider-pattern-size) 100%;-webkit-mask-repeat:var(--divider-pattern-repeat);mask-repeat:var(--divider-pattern-repeat);background-color:var(--divider-color);-webkit-mask-image:var(--divider-pattern-url);mask-image:var(--divider-pattern-url)}.elementor-widget-divider--no-spacing{--divider-pattern-size:auto}.elementor-widget-divider--bg-round{--divider-pattern-repeat:round}.rtl .elementor-widget-divider .elementor-divider__text{direction:rtl}.e-con-inner>.elementor-widget-divider,.e-con>.elementor-widget-divider{width:var(--container-widget-width,100%);--flex-grow:var(--container-widget-flex-grow)}<\/style>\t\t<div class=\"elementor-divider\">\n\t\t\t<span class=\"elementor-divider-separator\">\n\t\t\t\t\t\t<\/span>\n\t\t<\/div>\n\t\t\t\t<\/div>\n\t\t\t\t<\/div>\n\t\t\t\t\t<\/div>\n\t\t\t\t<\/div>\n\t\t<div class=\"elementor-element elementor-element-2ed1c3b e-flex e-con-boxed e-con e-parent\" data-id=\"2ed1c3b\" data-element_type=\"container\">\n\t\t\t\t\t<div class=\"e-con-inner\">\n\t\t\t\t<div class=\"elementor-element elementor-element-449970a elementor-widget elementor-widget-heading\" data-id=\"449970a\" data-element_type=\"widget\" data-widget_type=\"heading.default\">\n\t\t\t\t<div class=\"elementor-widget-container\">\n\t\t\t<h2 class=\"elementor-heading-title elementor-size-default\">Primer Lugar<\/h2>\t\t<\/div>\n\t\t\t\t<\/div>\n\t\t\t\t<div class=\"elementor-element elementor-element-cbeefad elementor-widget elementor-widget-heading\" data-id=\"cbeefad\" data-element_type=\"widget\" data-widget_type=\"heading.default\">\n\t\t\t\t<div class=\"elementor-widget-container\">\n\t\t\t<h4 class=\"elementor-heading-title elementor-size-default\">Geovanny Verdezoto S\u00e1nchez<\/h4>\t\t<\/div>\n\t\t\t\t<\/div>\n\t\t\t\t\t<\/div>\n\t\t\t\t<\/div>\n\t\t<div class=\"elementor-element elementor-element-a8c44da e-grid e-con-boxed e-con e-parent\" data-id=\"a8c44da\" data-element_type=\"container\">\n\t\t\t\t\t<div class=\"e-con-inner\">\n\t\t\t\t<div class=\"elementor-element elementor-element-399b234 elementor-widget elementor-widget-image\" data-id=\"399b234\" data-element_type=\"widget\" data-widget_type=\"image.default\">\n\t\t\t\t<div class=\"elementor-widget-container\">\n\t\t\t\t\t\t\t\t\t\t\t\t\t<img decoding=\"async\" width=\"360\" height=\"370\" src=\"https:\/\/salondejuniomachala.com\/wp-content\/uploads\/2024\/05\/IMG_3924.jpg\" class=\"attachment-full size-full wp-image-6311\" alt=\"\" srcset=\"https:\/\/salondejuniomachala.com\/wp-content\/uploads\/2024\/05\/IMG_3924.jpg 360w, https:\/\/salondejuniomachala.com\/wp-content\/uploads\/2024\/05\/IMG_3924-292x300.jpg 292w\" sizes=\"(max-width: 360px) 100vw, 360px\" \/>\t\t\t\t\t\t\t\t\t\t\t\t\t<\/div>\n\t\t\t\t<\/div>\n\t\t\t\t<div class=\"elementor-element elementor-element-e6e6df1 elementor-widget elementor-widget-text-editor\" data-id=\"e6e6df1\" data-element_type=\"widget\" data-widget_type=\"text-editor.default\">\n\t\t\t\t<div class=\"elementor-widget-container\">\n\t\t\t<style>\/*! elementor - v3.21.0 - 30-04-2024 *\/\n.elementor-widget-text-editor.elementor-drop-cap-view-stacked .elementor-drop-cap{background-color:#69727d;color:#fff}.elementor-widget-text-editor.elementor-drop-cap-view-framed .elementor-drop-cap{color:#69727d;border:3px solid;background-color:transparent}.elementor-widget-text-editor:not(.elementor-drop-cap-view-default) .elementor-drop-cap{margin-top:8px}.elementor-widget-text-editor:not(.elementor-drop-cap-view-default) .elementor-drop-cap-letter{width:1em;height:1em}.elementor-widget-text-editor .elementor-drop-cap{float:left;text-align:center;line-height:1;font-size:50px}.elementor-widget-text-editor .elementor-drop-cap-letter{display:inline-block}<\/style>\t\t\t\t<p>\u00ab<strong>51 segundos despu\u00e9s, acto 2\/ la escombrera<\/strong>\u00bb esta pintura tiene varias capas superpuestas de informaci\u00f3n. Sobre un lienzo pintado con una base gris se vertieron en sesiones separadas chorreones de pintura de varios colores.\u00a0<\/p><p>Para algunas secciones de estos manchones se dej\u00f3 que la gravedad haga su trabajo y que la pintura fresca se deslice sobre la superficie mezcl\u00e1ndose al azar con otros colores. Otras acciones consisten en goteos y marcas de impactos de pintura, manotazos y golpes bruscos de pincel. A esa capa se sum\u00f3 una capa de pintura negra, m\u00e1s controlada, que traduce una imagen al parecer de origen fotogr\u00e1fico. Ah\u00ed se distingue la volqueta de un cami\u00f3n vertiendo su material y, en primer y segundo plano, destacan en menor escala los rostros de dos hombres que miran hacia el frente. Hay otras figuras en la escena, pero es dif\u00edcil diferenciarlas pues fondo y figura se funde entre los recovecos del manch\u00f3n negro entrecortado.<\/p>\t\t\t\t\t\t<\/div>\n\t\t\t\t<\/div>\n\t\t\t\t\t<\/div>\n\t\t\t\t<\/div>\n\t\t<div class=\"elementor-element elementor-element-2c45124 e-flex e-con-boxed e-con e-parent\" data-id=\"2c45124\" data-element_type=\"container\">\n\t\t\t\t\t<div class=\"e-con-inner\">\n\t\t\t\t<div class=\"elementor-element elementor-element-622ac71 elementor-align-right elementor-widget elementor-widget-button\" data-id=\"622ac71\" data-element_type=\"widget\" data-settings=\"{&quot;_animation&quot;:&quot;none&quot;}\" data-widget_type=\"button.default\">\n\t\t\t\t<div class=\"elementor-widget-container\">\n\t\t\t\t\t<div class=\"elementor-button-wrapper\">\n\t\t\t<a class=\"elementor-button elementor-button-link elementor-size-sm elementor-animation-pulse-grow\" href=\"#banner18\">\n\t\t\t\t\t\t<span class=\"elementor-button-content-wrapper\">\n\t\t\t\t\t\t\t\t\t<span class=\"elementor-button-text\">Ver Obra<\/span>\n\t\t\t\t\t<\/span>\n\t\t\t\t\t<\/a>\n\t\t<\/div>\n\t\t\t\t<\/div>\n\t\t\t\t<\/div>\n\t\t\t\t\t<\/div>\n\t\t\t\t<\/div>\n\t\t<div class=\"elementor-element elementor-element-d5cd7c8 e-flex e-con-boxed e-con e-parent\" data-id=\"d5cd7c8\" data-element_type=\"container\">\n\t\t\t\t\t<div class=\"e-con-inner\">\n\t\t\t\t<div class=\"elementor-element elementor-element-718c233 elementor-widget-divider--view-line elementor-widget elementor-widget-divider\" data-id=\"718c233\" data-element_type=\"widget\" data-widget_type=\"divider.default\">\n\t\t\t\t<div class=\"elementor-widget-container\">\n\t\t\t\t\t<div class=\"elementor-divider\">\n\t\t\t<span class=\"elementor-divider-separator\">\n\t\t\t\t\t\t<\/span>\n\t\t<\/div>\n\t\t\t\t<\/div>\n\t\t\t\t<\/div>\n\t\t\t\t\t<\/div>\n\t\t\t\t<\/div>\n\t\t<div class=\"elementor-element elementor-element-cef9fd0 e-flex e-con-boxed e-con e-parent\" data-id=\"cef9fd0\" data-element_type=\"container\">\n\t\t\t\t\t<div class=\"e-con-inner\">\n\t\t\t\t<div class=\"elementor-element elementor-element-8d28a39 elementor-widget elementor-widget-heading\" data-id=\"8d28a39\" data-element_type=\"widget\" data-widget_type=\"heading.default\">\n\t\t\t\t<div class=\"elementor-widget-container\">\n\t\t\t<h2 class=\"elementor-heading-title elementor-size-default\">Segundo Lugar<\/h2>\t\t<\/div>\n\t\t\t\t<\/div>\n\t\t\t\t<div class=\"elementor-element elementor-element-17a3e56 elementor-widget elementor-widget-heading\" data-id=\"17a3e56\" data-element_type=\"widget\" data-widget_type=\"heading.default\">\n\t\t\t\t<div class=\"elementor-widget-container\">\n\t\t\t<h4 class=\"elementor-heading-title elementor-size-default\">Wilson Paccha Chamba<\/h4>\t\t<\/div>\n\t\t\t\t<\/div>\n\t\t\t\t\t<\/div>\n\t\t\t\t<\/div>\n\t\t<div class=\"elementor-element elementor-element-787d58f e-grid e-con-boxed e-con e-parent\" data-id=\"787d58f\" data-element_type=\"container\">\n\t\t\t\t\t<div class=\"e-con-inner\">\n\t\t\t\t<div class=\"elementor-element elementor-element-63fd457 elementor-widget elementor-widget-image\" data-id=\"63fd457\" data-element_type=\"widget\" data-widget_type=\"image.default\">\n\t\t\t\t<div class=\"elementor-widget-container\">\n\t\t\t\t\t\t\t\t\t\t\t\t\t<img decoding=\"async\" width=\"360\" height=\"370\" src=\"https:\/\/salondejuniomachala.com\/wp-content\/uploads\/2024\/05\/Wilson-sonrie-678x381-1.jpg\" class=\"attachment-full size-full wp-image-6316\" alt=\"\" srcset=\"https:\/\/salondejuniomachala.com\/wp-content\/uploads\/2024\/05\/Wilson-sonrie-678x381-1.jpg 360w, https:\/\/salondejuniomachala.com\/wp-content\/uploads\/2024\/05\/Wilson-sonrie-678x381-1-292x300.jpg 292w\" sizes=\"(max-width: 360px) 100vw, 360px\" \/>\t\t\t\t\t\t\t\t\t\t\t\t\t<\/div>\n\t\t\t\t<\/div>\n\t\t\t\t<div class=\"elementor-element elementor-element-4c2b250 elementor-widget elementor-widget-text-editor\" data-id=\"4c2b250\" data-element_type=\"widget\" data-widget_type=\"text-editor.default\">\n\t\t\t\t<div class=\"elementor-widget-container\">\n\t\t\t\t\t\t\t<p>\u00ab<strong>4000cm3 de pasi\u00f3n, furia, ficci\u00f3n, magia y miseria<\/strong>\u00bb en esta pintura todo es exageraci\u00f3n y contradicci\u00f3n. El soporte es estable, blanco, plano, pero no se trata de un lienzo bien preparado o de una l\u00e1mina especial hecha para la pintura, se trata de dos puertas que, pegadas arman un d\u00edptico, un par de objetos encontrados o deliberadamente usados para hacer y no hacer una pintura. La pieza luce desarticulada, es como si muchas personas hubieran actuado sobre ella. Hay gestos que parecen vand\u00e1licos, m\u00e1s propios del garabateo tosco, burdo y r\u00e1pido de los ba\u00f1os p\u00fablicos el &#8212;graffiti de un pene, unos pechos con varios pezones o un ovni as\u00ed lo delatan&#8211;, pero en contraste a estas r\u00e1pidas eyaculaciones gr\u00e1ficas hay otras representaciones, trazos m\u00e1s cuidados y lentos que detallan iconos como calaveras y corazones con un tratamiento propio de la paciencia del tatuador.<\/p>\t\t\t\t\t\t<\/div>\n\t\t\t\t<\/div>\n\t\t\t\t\t<\/div>\n\t\t\t\t<\/div>\n\t\t<div class=\"elementor-element elementor-element-27e0e85 e-flex e-con-boxed e-con e-parent\" data-id=\"27e0e85\" data-element_type=\"container\">\n\t\t\t\t\t<div class=\"e-con-inner\">\n\t\t\t\t<div class=\"elementor-element elementor-element-495791f elementor-align-right elementor-widget elementor-widget-button\" data-id=\"495791f\" data-element_type=\"widget\" data-settings=\"{&quot;_animation&quot;:&quot;none&quot;}\" data-widget_type=\"button.default\">\n\t\t\t\t<div class=\"elementor-widget-container\">\n\t\t\t\t\t<div class=\"elementor-button-wrapper\">\n\t\t\t<a class=\"elementor-button elementor-button-link elementor-size-sm elementor-animation-pulse-grow\" href=\"#banner19\">\n\t\t\t\t\t\t<span class=\"elementor-button-content-wrapper\">\n\t\t\t\t\t\t\t\t\t<span class=\"elementor-button-text\">Ver Obra<\/span>\n\t\t\t\t\t<\/span>\n\t\t\t\t\t<\/a>\n\t\t<\/div>\n\t\t\t\t<\/div>\n\t\t\t\t<\/div>\n\t\t\t\t\t<\/div>\n\t\t\t\t<\/div>\n\t\t<div class=\"elementor-element elementor-element-f3ff9e4 e-flex e-con-boxed e-con e-parent\" data-id=\"f3ff9e4\" data-element_type=\"container\">\n\t\t\t\t\t<div class=\"e-con-inner\">\n\t\t\t\t<div class=\"elementor-element elementor-element-dd3c2f6 elementor-widget-divider--view-line elementor-widget elementor-widget-divider\" data-id=\"dd3c2f6\" data-element_type=\"widget\" data-widget_type=\"divider.default\">\n\t\t\t\t<div class=\"elementor-widget-container\">\n\t\t\t\t\t<div class=\"elementor-divider\">\n\t\t\t<span class=\"elementor-divider-separator\">\n\t\t\t\t\t\t<\/span>\n\t\t<\/div>\n\t\t\t\t<\/div>\n\t\t\t\t<\/div>\n\t\t\t\t\t<\/div>\n\t\t\t\t<\/div>\n\t\t<div class=\"elementor-element elementor-element-b782f9e e-flex e-con-boxed e-con e-parent\" data-id=\"b782f9e\" data-element_type=\"container\">\n\t\t\t\t\t<div class=\"e-con-inner\">\n\t\t\t\t<div class=\"elementor-element elementor-element-557e459 elementor-widget elementor-widget-heading\" data-id=\"557e459\" data-element_type=\"widget\" data-widget_type=\"heading.default\">\n\t\t\t\t<div class=\"elementor-widget-container\">\n\t\t\t<h2 class=\"elementor-heading-title elementor-size-default\">Tercer Lugar<\/h2>\t\t<\/div>\n\t\t\t\t<\/div>\n\t\t\t\t<div class=\"elementor-element elementor-element-a45cd03 elementor-widget elementor-widget-heading\" data-id=\"a45cd03\" data-element_type=\"widget\" data-widget_type=\"heading.default\">\n\t\t\t\t<div class=\"elementor-widget-container\">\n\t\t\t<h4 class=\"elementor-heading-title elementor-size-default\">Pedro Gavilanes Sellan <\/h4>\t\t<\/div>\n\t\t\t\t<\/div>\n\t\t\t\t\t<\/div>\n\t\t\t\t<\/div>\n\t\t<div class=\"elementor-element elementor-element-4b79c06 e-grid e-con-boxed e-con e-parent\" data-id=\"4b79c06\" data-element_type=\"container\">\n\t\t\t\t\t<div class=\"e-con-inner\">\n\t\t\t\t<div class=\"elementor-element elementor-element-019d929 elementor-widget elementor-widget-image\" data-id=\"019d929\" data-element_type=\"widget\" data-widget_type=\"image.default\">\n\t\t\t\t<div class=\"elementor-widget-container\">\n\t\t\t\t\t\t\t\t\t\t\t\t\t<img decoding=\"async\" src=\"https:\/\/i.ibb.co\/HgJFGyQ\/pedro-Gavilanes-Sellan2do.png\" title=\"\" alt=\"\" loading=\"lazy\" \/>\t\t\t\t\t\t\t\t\t\t\t\t\t<\/div>\n\t\t\t\t<\/div>\n\t\t\t\t<div class=\"elementor-element elementor-element-b2996b4 elementor-widget elementor-widget-text-editor\" data-id=\"b2996b4\" data-element_type=\"widget\" data-widget_type=\"text-editor.default\">\n\t\t\t\t<div class=\"elementor-widget-container\">\n\t\t\t\t\t\t\t<p>\u00ab<strong>Casting<\/strong>\u00bb esta es una gran pintura, por su tama\u00f1o, por el tama\u00f1o, que adquiere el torso de la mujer que pretende retratar, pero tambi\u00e9n por la forma como est\u00e1 pintada. \u201cParece una foto\u201d, podr\u00eda decirse, y la frase es prueba del logro cometido, de la pintura como automatismo virtuoso de una pr\u00e1ctica cuyo fin es emular la verdad que registra la retina. Pero el diablo est\u00e1 en los detalles, en ver con el cerebro, en imaginar y, al mirar de cerca esta pieza, se ve en ella una amplia variedad de retos pict\u00f3ricos que no cualquier artista habr\u00eda detectado y menos decidido enfrentar: la manera como pint\u00f3 las hebras de cada cana que sale de la mata de pelo negro, o como pinto la tela del saco, los huecos de la prenda de vestir y su eco en los hoyos de los poros de la piel. O los ojos oscuros, con una mirada lela, con una c\u00f3rnea gris\u00e1cea que evoca una aparente ceguera.<\/p>\t\t\t\t\t\t<\/div>\n\t\t\t\t<\/div>\n\t\t\t\t\t<\/div>\n\t\t\t\t<\/div>\n\t\t<div class=\"elementor-element elementor-element-a6bcb01 e-flex e-con-boxed e-con e-parent\" data-id=\"a6bcb01\" data-element_type=\"container\">\n\t\t\t\t\t<div class=\"e-con-inner\">\n\t\t\t\t<div class=\"elementor-element elementor-element-69b3869 elementor-align-right elementor-widget elementor-widget-button\" data-id=\"69b3869\" data-element_type=\"widget\" data-settings=\"{&quot;_animation&quot;:&quot;none&quot;}\" data-widget_type=\"button.default\">\n\t\t\t\t<div class=\"elementor-widget-container\">\n\t\t\t\t\t<div class=\"elementor-button-wrapper\">\n\t\t\t<a class=\"elementor-button elementor-button-link elementor-size-sm elementor-animation-pulse-grow\" href=\"#banner20\">\n\t\t\t\t\t\t<span class=\"elementor-button-content-wrapper\">\n\t\t\t\t\t\t\t\t\t<span class=\"elementor-button-text\">Ver Obra<\/span>\n\t\t\t\t\t<\/span>\n\t\t\t\t\t<\/a>\n\t\t<\/div>\n\t\t\t\t<\/div>\n\t\t\t\t<\/div>\n\t\t\t\t\t<\/div>\n\t\t\t\t<\/div>\n\t\t<div class=\"elementor-element elementor-element-5450a43 e-flex e-con-boxed e-con e-parent\" data-id=\"5450a43\" data-element_type=\"container\">\n\t\t\t\t\t<div class=\"e-con-inner\">\n\t\t\t\t<div class=\"elementor-element elementor-element-c6e2655 elementor-widget-divider--view-line elementor-widget elementor-widget-divider\" data-id=\"c6e2655\" data-element_type=\"widget\" data-widget_type=\"divider.default\">\n\t\t\t\t<div class=\"elementor-widget-container\">\n\t\t\t\t\t<div class=\"elementor-divider\">\n\t\t\t<span class=\"elementor-divider-separator\">\n\t\t\t\t\t\t<\/span>\n\t\t<\/div>\n\t\t\t\t<\/div>\n\t\t\t\t<\/div>\n\t\t\t\t\t<\/div>\n\t\t\t\t<\/div>\n\t\t<div class=\"elementor-element elementor-element-6e7d8a8 e-flex e-con-boxed e-con e-parent\" data-id=\"6e7d8a8\" data-element_type=\"container\">\n\t\t\t\t\t<div class=\"e-con-inner\">\n\t\t\t\t<div class=\"elementor-element elementor-element-e030324 elementor-widget elementor-widget-button\" data-id=\"e030324\" data-element_type=\"widget\" data-widget_type=\"button.default\">\n\t\t\t\t<div class=\"elementor-widget-container\">\n\t\t\t\t\t<div class=\"elementor-button-wrapper\">\n\t\t\t<a class=\"elementor-button elementor-button-link elementor-size-sm\" href=\"https:\/\/salondejuniomachala.com\/#edicion\">\n\t\t\t\t\t\t<span class=\"elementor-button-content-wrapper\">\n\t\t\t\t\t\t\t\t\t<span class=\"elementor-button-text\">Regresar<\/span>\n\t\t\t\t\t<\/span>\n\t\t\t\t\t<\/a>\n\t\t<\/div>\n\t\t\t\t<\/div>\n\t\t\t\t<\/div>\n\t\t\t\t\t<\/div>\n\t\t\t\t<\/div>\n\t\t\t\t<\/div>\n\t\t","protected":false},"excerpt":{"rendered":"<p>S\u00e9ptima Edici\u00f3n &#8211; 2016 Primer Lugar Geovanny Verdezoto S\u00e1nchez \u00ab51 segundos despu\u00e9s, acto 2\/ la escombrera\u00bb esta pintura tiene varias capas superpuestas de informaci\u00f3n. Sobre un lienzo pintado con una base gris se vertieron en sesiones separadas chorreones de pintura de varios colores.\u00a0 Para algunas secciones de estos manchones se dej\u00f3 que la gravedad haga [&hellip;]<\/p>\n","protected":false},"author":1,"featured_media":0,"parent":0,"menu_order":0,"comment_status":"closed","ping_status":"closed","template":"","meta":{"_monsterinsights_skip_tracking":false,"_monsterinsights_sitenote_active":false,"_monsterinsights_sitenote_note":"","_monsterinsights_sitenote_category":0,"footnotes":""},"class_list":["post-6305","page","type-page","status-publish","hentry"],"aioseo_notices":[],"_links":{"self":[{"href":"https:\/\/salondejuniomachala.com\/index.php\/wp-json\/wp\/v2\/pages\/6305","targetHints":{"allow":["GET"]}}],"collection":[{"href":"https:\/\/salondejuniomachala.com\/index.php\/wp-json\/wp\/v2\/pages"}],"about":[{"href":"https:\/\/salondejuniomachala.com\/index.php\/wp-json\/wp\/v2\/types\/page"}],"author":[{"embeddable":true,"href":"https:\/\/salondejuniomachala.com\/index.php\/wp-json\/wp\/v2\/users\/1"}],"replies":[{"embeddable":true,"href":"https:\/\/salondejuniomachala.com\/index.php\/wp-json\/wp\/v2\/comments?post=6305"}],"version-history":[{"count":0,"href":"https:\/\/salondejuniomachala.com\/index.php\/wp-json\/wp\/v2\/pages\/6305\/revisions"}],"wp:attachment":[{"href":"https:\/\/salondejuniomachala.com\/index.php\/wp-json\/wp\/v2\/media?parent=6305"}],"curies":[{"name":"wp","href":"https:\/\/api.w.org\/{rel}","templated":true}]}}